{"id":370,"date":"2012-05-07T07:18:33","date_gmt":"2012-05-07T05:18:33","guid":{"rendered":"https:\/\/tommymyllymaki.se\/tommy-myllymaki-fanpage-en-kulinarisk-mastare-2\/"},"modified":"2025-10-23T15:45:34","modified_gmt":"2025-10-23T13:45:34","slug":"tommy-myllymaki-fanpage-en-kulinarisk-mastare-2","status":"publish","type":"page","link":"https:\/\/tommymyllymaki.se\/fi\/","title":{"rendered":"Tommy Myllym\u00e4ki fanisivu \u2013 Kulinaristinen mestari!"},"content":{"rendered":"\n<p>Tervetuloa kulinaristiselle mestarille, Tommy Myllym\u00e4elle, omistetulle fanisivustollemme!<\/p>\n\n\n\n<p>T\u00e4\u00e4ll\u00e4 teemme kunniaa Ruotsin eritt\u00e4in merkitt\u00e4v\u00e4lle kokille ja gastronomiselle vision\u00e4\u00e4rille, Tommy Myllym\u00e4elle. H\u00e4nest\u00e4 on tullut todellinen ikoni ruotsalaisessa ruokamaailmassa muun muassa ainutlaatuisen kykyns\u00e4 ansiosta, joka suureen intohimoon yhdistettyn\u00e4 tuo ruokap\u00f6yt\u00e4\u00e4n laadukkaista raaka-aineista suorastaan gastronomisia mestariteoksia.<\/p>\n\n\n\n<p>Tutustu luomaamme sis\u00e4lt\u00f6\u00f6n ja l\u00f6yd\u00e4 inspiraation ja makumatkojen maailma. Tee tarkempaa tuttavuutta my\u00f6s Tommy Myllym\u00e4en upeiden luomusten kanssa, joissa yhdistyv\u00e4t tyyli, korkea laatu sek\u00e4 innovatiiviset makuyhdistelm\u00e4t, jotka saavat makuhermosi tanssahtelemaan ilosta.<\/p>\n\n\n\n<p>Hypp\u00e4\u00e4 siis kyytiin ja l\u00e4hde kanssamme Tommyn kulinaariselle makujen matkalle. Tutustu h\u00e4nen menestyksekk\u00e4\u00e4seen uraansa aina varhaisista oppipoikavuosista l\u00e4htien, jolloin h\u00e4nest\u00e4 tuli ensiksi suosittu kilpailukokki ja sit\u00e4 kautta arvostettu televisiopersoona. Lue h\u00e4nen onnistumisistaan sek\u00e4 matkan varrelle mahtuneista haasteista, ja ennen kaikkea inspiroidu h\u00e4nen omistautumisestaan ja intohimostaan ruoanlaittoa kohtaan.<\/p>\n\n\n\n<p>Olemme eritt\u00e4in ylpeit\u00e4 siit\u00e4, ett\u00e4 saamme osoittaa kunnioitusta ja arvostusta niinkin upealle kokille ja mahtavalle persoonalle kuin Tommy Myllym\u00e4elle. H\u00e4n ei ole ainoastaan valloittanut ruotsalaisten ruoan yst\u00e4vien makunystyr\u00f6it\u00e4, vaan h\u00e4n on my\u00f6s saanut rutkasti kansainv\u00e4list\u00e4 ihailua ja arvostusta.<\/p>\n\n\n\n<p>Viel\u00e4 kerran, tervetuloa sivustollemme, jossa p\u00e4\u00e4set inspiroitumaan Tommy Myllym\u00e4en loputtomasta intohimosta ruoanlaittoon ja pohjattomasta luovuudesta kokkauksen saralla. L\u00e4hde mukaan h\u00e4nen kulinaristiselle seikkailulleen ja anna makujen vied\u00e4 sinut menness\u00e4\u00e4n!<\/p>\n\n\n\n<p>Suosittelemme <strong><a href=\"https:\/\/kasinoilmanveroja.com\/\" target=\"_blank\" rel=\"noopener\">kasinoilmanveroja.com<\/a><\/strong> sivustoa verovapaiden kasinoiden l\u00f6yt\u00e4miseksi suomalaisille pelaajille.<\/p>\n","protected":false},"excerpt":{"rendered":"<p>Tervetuloa kulinaristiselle mestarille, Tommy Myllym\u00e4elle, omistetulle fanisivustollemme! T\u00e4\u00e4ll\u00e4 teemme kunniaa Ruotsin eritt\u00e4in merkitt\u00e4v\u00e4lle kokille ja gastronomiselle vision\u00e4\u00e4rille, Tommy Myllym\u00e4elle. H\u00e4nest\u00e4 on tullut todellinen ikoni ruotsalaisessa ruokamaailmassa muun muassa ainutlaatuisen kykyns\u00e4 ansiosta, joka suureen intohimoon yhdistettyn\u00e4 tuo ruokap\u00f6yt\u00e4\u00e4n laadukkaista raaka-aineista suorastaan gastronomisia mestariteoksia. Tutustu luomaamme sis\u00e4lt\u00f6\u00f6n ja l\u00f6yd\u00e4 inspiraation ja makumatkojen maailma. Tee tarkempaa tuttavuutta my\u00f6s [&hellip;]<\/p>\n","protected":false},"author":4,"featured_media":0,"parent":0,"menu_order":0,"comment_status":"closed","ping_status":"closed","template":"","meta":{"footnotes":""},"class_list":["post-370","page","type-page","status-publish","hentry"],"_links":{"self":[{"href":"https:\/\/tommymyllymaki.se\/fi\/wp-json\/wp\/v2\/pages\/370","targetHints":{"allow":["GET"]}}],"collection":[{"href":"https:\/\/tommymyllymaki.se\/fi\/wp-json\/wp\/v2\/pages"}],"about":[{"href":"https:\/\/tommymyllymaki.se\/fi\/wp-json\/wp\/v2\/types\/page"}],"author":[{"embeddable":true,"href":"https:\/\/tommymyllymaki.se\/fi\/wp-json\/wp\/v2\/users\/4"}],"replies":[{"embeddable":true,"href":"https:\/\/tommymyllymaki.se\/fi\/wp-json\/wp\/v2\/comments?post=370"}],"version-history":[{"count":6,"href":"https:\/\/tommymyllymaki.se\/fi\/wp-json\/wp\/v2\/pages\/370\/revisions"}],"predecessor-version":[{"id":749,"href":"https:\/\/tommymyllymaki.se\/fi\/wp-json\/wp\/v2\/pages\/370\/revisions\/749"}],"wp:attachment":[{"href":"https:\/\/tommymyllymaki.se\/fi\/wp-json\/wp\/v2\/media?parent=370"}],"curies":[{"name":"wp","href":"https:\/\/api.w.org\/{rel}","templated":true}]}}